{"id":4,"date":"2016-03-06T12:11:50","date_gmt":"2016-03-06T12:11:50","guid":{"rendered":"http:\/\/work.apreklama.pl\/?page_id=4"},"modified":"2025-03-10T17:54:05","modified_gmt":"2025-03-10T17:54:05","slug":"o-mnie","status":"publish","type":"page","link":"https:\/\/psychoterapia-rymanow.pl\/","title":{"rendered":"O MNIE"},"content":{"rendered":"<p style=\"text-align: left;\">Nazywam si\u0119 Judyta So\u0142tysik-Olsza\u0144ska. Jestem psychologiem, psychoterapeut\u0105 w trakcie certyfikacji.<\/p>\n<p style=\"text-align: left;\">Uko\u0144czy\u0142am czteroletni kurs Psychoterapii prowadzony przez Katedr\u0119 Psychoterapii Collegium Medicum Uniwersytetu Jagiello\u0144skiego w Krakowie. Studia magisterskie na kierunku psychologia odby\u0142am na Uniwersytecie Jagiello\u0144skim w Krakowie ze specjalno\u015bci\u0105 psychologia kliniczna. Uko\u0144czy\u0142am Kurs Uzupe\u0142niaj\u0105cy z zakresu psychoterapii dzieci i m\u0142odzie\u017cy, organizowany przez O\u015brodek Edukacji Bada\u0144 i Rozwoju Szpitala Klinicznego im. J. Babi\u0144skiego w Krakowie.<\/p>\n<p style=\"text-align: left;\">Swoim pacjentom oferuj\u0119 profesjonaln\u0105 pomoc psychologiczn\u0105 i psychoterapeutyczn\u0105.<\/p>\n<p style=\"text-align: left;\">Prowadz\u0119 psychoterapi\u0119 indywidualn\u0105 dzieci, m\u0142odzie\u017cy i os\u00f3b doros\u0142ych w podej\u015bciu psychodynamicznym.<\/p>\n<p style=\"text-align: left;\">Pracuj\u0119 z osobami do\u015bwiadczaj\u0105cymi trudno\u015bci w codziennym radzeniu sobie i funkcjonowaniu w relacjach z innymi, zmagaj\u0105cymi si\u0119 z nerwic\u0105, depresj\u0105, l\u0119kiem, zaburzeniami osobowo\u015bci, prze\u017cywaj\u0105cymi kryzys zwi\u0105zany z wa\u017cnymi zmianami w \u017cyciu lub sytuacjami traumatycznymi. Prowadz\u0119 r\u00f3wnie\u017c psychoterapi\u0119 os\u00f3b cierpi\u0105cych na zaburzenia psychosomatyczne.<\/p>\n<p style=\"text-align: left;\">Jestem cz\u0142onkiem zwyczajnym Sekcji Naukowej Psychoterapii Polskiego Towarzystwa Psychiatrycznego oraz Polskiego Towarzystwa Psychologicznego. Dbaj\u0105c o jako\u015b\u0107 prowadzonych psychoterapii, pracuj\u0119 pod sta\u0142\u0105 superwizj\u0105 superwizor\u00f3w Polskiego Towarzystwa Psychiatrycznego.<\/p>\n<p style=\"text-align: left;\">Poza prywatnym gabinetem w latach 2013-2016 jako psycholog pracowa\u0142am z pacjentami cierpi\u0105cymi z powodu zaburze\u0144 psychosomatycznych. W latach 2017-2019 zapewnia\u0142am opiek\u0119 psychologiczn\u0105 pacjentom przewlekle i terminalnie chorym. Od 2020 roku pracuj\u0119 jako psychoterapeuta w O\u015brodku \u015arodowiskowej Pomocy Psychologicznej i Psychoterapeutycznej dla Dzieci i M\u0142odzie\u017cy w Klimk\u00f3wce.<\/p>\n<p><code><\/code><\/p>\n","protected":false},"excerpt":{"rendered":"<p>Nazywam si\u0119 Judyta So\u0142tysik-Olsza\u0144ska. Jestem psychologiem, psychoterapeut\u0105 w trakcie certyfikacji. Uko\u0144czy\u0142am czteroletni kurs Psychoterapii prowadzony przez Katedr\u0119 Psychoterapii Collegium Medicum Uniwersytetu Jagiello\u0144skiego w Krakowie. Studia magisterskie na kierunku psychologia odby\u0142am na Uniwersytecie Jagiello\u0144skim w Krakowie ze specjalno\u015bci\u0105 psychologia kliniczna. Uko\u0144czy\u0142am Kurs Uzupe\u0142niaj\u0105cy z zakresu psychoterapii dzieci i m\u0142odzie\u017cy, organizowany przez&hellip;<\/p>\n<p class=\"more-link-wrapper\"><a class=\"more-link\" href=\"https:\/\/psychoterapia-rymanow.pl\/\">Continue<\/a><\/p>\n","protected":false},"author":1,"featured_media":0,"parent":0,"menu_order":0,"comment_status":"closed","ping_status":"closed","template":"page-templates\/landing-info.php","meta":{"footnotes":""},"_links":{"self":[{"href":"https:\/\/psychoterapia-rymanow.pl\/index.php?rest_route=\/wp\/v2\/pages\/4"}],"collection":[{"href":"https:\/\/psychoterapia-rymanow.pl\/index.php?rest_route=\/wp\/v2\/pages"}],"about":[{"href":"https:\/\/psychoterapia-rymanow.pl\/index.php?rest_route=\/wp\/v2\/types\/page"}],"author":[{"embeddable":true,"href":"https:\/\/psychoterapia-rymanow.pl\/index.php?rest_route=\/wp\/v2\/users\/1"}],"replies":[{"embeddable":true,"href":"https:\/\/psychoterapia-rymanow.pl\/index.php?rest_route=%2Fwp%2Fv2%2Fcomments&post=4"}],"version-history":[{"count":35,"href":"https:\/\/psychoterapia-rymanow.pl\/index.php?rest_route=\/wp\/v2\/pages\/4\/revisions"}],"predecessor-version":[{"id":493,"href":"https:\/\/psychoterapia-rymanow.pl\/index.php?rest_route=\/wp\/v2\/pages\/4\/revisions\/493"}],"wp:attachment":[{"href":"https:\/\/psychoterapia-rymanow.pl\/index.php?rest_route=%2Fwp%2Fv2%2Fmedia&parent=4"}],"curies":[{"name":"wp","href":"https:\/\/api.w.org\/{rel}","templated":true}]}}